{"id":75,"date":"2025-09-10T09:13:23","date_gmt":"2025-09-10T16:13:23","guid":{"rendered":"https:\/\/nhaxeholoc.com\/?page_id=75"},"modified":"2025-09-10T09:14:36","modified_gmt":"2025-09-10T16:14:36","slug":"chinh-sach-dat-huy-xe","status":"publish","type":"page","link":"https:\/\/nhaxeholoc.com\/en\/car-booking\/chinh-sach-dat-huy-xe\/","title":{"rendered":"Ch\u00ednh S\u00e1ch \u0110\u1eb7t &#8211; Hu\u1ef7 Xe"},"content":{"rendered":"<ol>\n<li><b> Quy \u0111\u1ecbnh \u0111\u1eb7t xe<\/b><b><br \/>\n<\/b><span style=\"font-weight: 400;\">\u0110\u1ec3 \u0111\u1ea3m b\u1ea3o qu\u00e1 tr\u00ecnh ph\u1ee5c v\u1ee5 \u0111\u01b0\u1ee3c thu\u1eadn ti\u1ec7n v\u00e0 ch\u00ednh x\u00e1c, Qu\u00fd kh\u00e1ch vui l\u00f2ng cung c\u1ea5p \u0111\u1ea7y \u0111\u1ee7 c\u00e1c th\u00f4ng tin c\u1ea7n thi\u1ebft bao g\u1ed3m: h\u1ecd t\u00ean, s\u1ed1 \u0111i\u1ec7n tho\u1ea1i li\u00ean h\u1ec7, l\u1ecbch tr\u00ecnh chi ti\u1ebft (th\u1eddi gian kh\u1edfi h\u00e0nh, \u0111i\u1ec3m \u0111i, \u0111i\u1ec3m \u0111\u1ebfn, s\u1ed1 l\u01b0\u1ee3ng kh\u00e1ch).<\/span><span style=\"font-weight: 400;\"><br \/>\n<\/span><span style=\"font-weight: 400;\">Khi x\u00e1c nh\u1eadn \u0111\u1eb7t xe, kh\u00e1ch h\u00e0ng c\u1ea7n \u0111\u1eb7t c\u1ecdc t\u1eeb <\/span><b>30% \u2013 50% gi\u00e1 tr\u1ecb h\u1ee3p \u0111\u1ed3ng<\/b><span style=\"font-weight: 400;\"> (t\u00f9y theo lo\u1ea1i xe v\u00e0 th\u1eddi \u0111i\u1ec3m thu\u00ea). Ph\u1ea7n c\u00f2n l\u1ea1i s\u1ebd \u0111\u01b0\u1ee3c thanh to\u00e1n tr\u1ef1c ti\u1ebfp cho t\u00e0i x\u1ebf ngay khi xe kh\u1edfi h\u00e0nh.<\/span><span style=\"font-weight: 400;\"><br \/>\n<\/span><span style=\"font-weight: 400;\">Gi\u00e1 thu\u00ea \u0111\u00e3 bao g\u1ed3m: ph\u00ed s\u1eed d\u1ee5ng xe, l\u01b0\u01a1ng t\u00e0i x\u1ebf, b\u1ea3o hi\u1ec3m d\u00e2n s\u1ef1 b\u1eaft bu\u1ed9c v\u00e0 nhi\u00ean li\u1ec7u (trong tr\u01b0\u1eddng h\u1ee3p c\u00f3 th\u1ecfa thu\u1eadn t\u1eeb tr\u01b0\u1edbc).<\/span><\/li>\n<li><b> Ch\u00ednh s\u00e1ch h\u1ee7y xe<\/b><\/li>\n<\/ol>\n<ul>\n<li style=\"font-weight: 400;\" aria-level=\"1\"><span style=\"font-weight: 400;\">N\u1ebfu Qu\u00fd kh\u00e1ch th\u00f4ng b\u00e1o h\u1ee7y <\/span><b>tr\u01b0\u1edbc 7 ng\u00e0y<\/b><span style=\"font-weight: 400;\"> so v\u1edbi ng\u00e0y kh\u1edfi h\u00e0nh: \u0111\u01b0\u1ee3c ho\u00e0n l\u1ea1i <\/span><b>100% ti\u1ec1n c\u1ecdc<\/b><span style=\"font-weight: 400;\">.<\/span><\/li>\n<li style=\"font-weight: 400;\" aria-level=\"1\"><span style=\"font-weight: 400;\">N\u1ebfu h\u1ee7y <\/span><b>trong v\u00f2ng 3 \u2013 6 ng\u00e0y<\/b><span style=\"font-weight: 400;\">: ho\u00e0n l\u1ea1i <\/span><b>50% ti\u1ec1n c\u1ecdc<\/b><span style=\"font-weight: 400;\">.<\/span><\/li>\n<li style=\"font-weight: 400;\" aria-level=\"1\"><span style=\"font-weight: 400;\">N\u1ebfu h\u1ee7y <\/span><b>trong v\u00f2ng 1 \u2013 2 ng\u00e0y<\/b><span style=\"font-weight: 400;\">: r\u1ea5t ti\u1ebfc, ch\u00fang t\u00f4i <\/span><b>kh\u00f4ng th\u1ec3 ho\u00e0n l\u1ea1i ti\u1ec1n c\u1ecdc<\/b><span style=\"font-weight: 400;\">.<\/span><\/li>\n<\/ul>\n<p><span style=\"font-weight: 400;\">Trong c\u00e1c tr\u01b0\u1eddng h\u1ee3p b\u1ea5t kh\u1ea3 kh\u00e1ng nh\u01b0: thi\u00ean tai, d\u1ecbch b\u1ec7nh, s\u1ef1 c\u1ed1 giao th\u00f4ng, c\u1ea5m \u0111\u01b0\u1eddng\u2026 ch\u00fang t\u00f4i s\u1ebd linh ho\u1ea1t xem x\u00e9t \u0111\u1ec3 h\u1ed7 tr\u1ee3 kh\u00e1ch h\u00e0ng b\u1eb1ng c\u00e1ch ho\u00e0n c\u1ecdc ho\u1eb7c \u0111\u1ed5i ng\u00e0y kh\u1edfi h\u00e0nh t\u00f9y theo t\u00ecnh h\u00ecnh th\u1ef1c t\u1ebf.<\/span><\/p>\n<ol start=\"3\">\n<li><b> Thay \u0111\u1ed5i l\u1ecbch tr\u00ecnh<\/b><b><br \/>\n<\/b><span style=\"font-weight: 400;\">Trong tr\u01b0\u1eddng h\u1ee3p c\u1ea7n thay \u0111\u1ed5i gi\u1edd kh\u1edfi h\u00e0nh ho\u1eb7c \u0111i\u1ec3m \u0111\u00f3n, Qu\u00fd kh\u00e1ch vui l\u00f2ng th\u00f4ng b\u00e1o v\u1edbi ch\u00fang t\u00f4i <\/span><b>tr\u01b0\u1edbc \u00edt nh\u1ea5t 24 gi\u1edd<\/b><span style=\"font-weight: 400;\"> \u0111\u1ec3 \u0111\u01b0\u1ee3c s\u1eafp x\u1ebfp k\u1ecbp th\u1eddi.<\/span><span style=\"font-weight: 400;\"><br \/>\n<\/span><span style=\"font-weight: 400;\">M\u1ecdi chi ph\u00ed ph\u00e1t sinh (n\u1ebfu c\u00f3) s\u1ebd \u0111\u01b0\u1ee3c th\u00f4ng b\u00e1o r\u00f5 r\u00e0ng v\u00e0 ch\u1ec9 ti\u1ebfn h\u00e0nh khi c\u00f3 s\u1ef1 th\u1ed1ng nh\u1ea5t t\u1eeb 2 ph\u00eda.<\/span><\/li>\n<\/ol>\n","protected":false},"excerpt":{"rendered":"<p>Quy \u0111\u1ecbnh \u0111\u1eb7t xe \u0110\u1ec3 \u0111\u1ea3m b\u1ea3o qu\u00e1 tr\u00ecnh ph\u1ee5c v\u1ee5 \u0111\u01b0\u1ee3c thu\u1eadn ti\u1ec7n v\u00e0 ch\u00ednh x\u00e1c, Qu\u00fd kh\u00e1ch vui l\u00f2ng cung c\u1ea5p \u0111\u1ea7y \u0111\u1ee7 c\u00e1c th\u00f4ng tin c\u1ea7n thi\u1ebft bao g\u1ed3m: h\u1ecd t\u00ean, s\u1ed1 \u0111i\u1ec7n tho\u1ea1i li\u00ean h\u1ec7, l\u1ecbch tr\u00ecnh chi ti\u1ebft (th\u1eddi gian kh\u1edfi h\u00e0nh, \u0111i\u1ec3m \u0111i, \u0111i\u1ec3m \u0111\u1ebfn, s\u1ed1 l\u01b0\u1ee3ng kh\u00e1ch). Khi&hellip; <a class=\"more-link\" href=\"https:\/\/nhaxeholoc.com\/en\/car-booking\/chinh-sach-dat-huy-xe\/\">Continue reading <span class=\"screen-reader-text\">Ch\u00ednh S\u00e1ch \u0110\u1eb7t &#8211; Hu\u1ef7 Xe<\/span><\/a><\/p>\n","protected":false},"author":1,"featured_media":0,"parent":36,"menu_order":0,"comment_status":"closed","ping_status":"closed","template":"","meta":{"footnotes":""},"class_list":["post-75","page","type-page","status-publish","hentry","entry"],"yoast_head":"<!-- This site is optimized with the Yoast SEO plugin v26.1.1 - https:\/\/yoast.com\/wordpress\/plugins\/seo\/ -->\n<title>Ch\u00ednh S\u00e1ch \u0110\u1eb7t - Hu\u1ef7 Xe - Ho Loc Bus Company<\/title>\n<meta name=\"robots\" content=\"index, follow, max-snippet:-1, max-image-preview:large, max-video-preview:-1\" \/>\n<link rel=\"canonical\" href=\"https:\/\/nhaxeholoc.com\/en\/dat-xe-theo-yeu-cau\/chinh-sach-dat-huy-xe\/\" \/>\n<meta property=\"og:locale\" content=\"en_US\" \/>\n<meta property=\"og:type\" content=\"article\" \/>\n<meta property=\"og:title\" content=\"Ch\u00ednh S\u00e1ch \u0110\u1eb7t - Hu\u1ef7 Xe - Ho Loc Bus Company\" \/>\n<meta property=\"og:description\" content=\"Quy \u0111\u1ecbnh \u0111\u1eb7t xe \u0110\u1ec3 \u0111\u1ea3m b\u1ea3o qu\u00e1 tr\u00ecnh ph\u1ee5c v\u1ee5 \u0111\u01b0\u1ee3c thu\u1eadn ti\u1ec7n v\u00e0 ch\u00ednh x\u00e1c, Qu\u00fd kh\u00e1ch vui l\u00f2ng cung c\u1ea5p \u0111\u1ea7y \u0111\u1ee7 c\u00e1c th\u00f4ng tin c\u1ea7n thi\u1ebft bao g\u1ed3m: h\u1ecd t\u00ean, s\u1ed1 \u0111i\u1ec7n tho\u1ea1i li\u00ean h\u1ec7, l\u1ecbch tr\u00ecnh chi ti\u1ebft (th\u1eddi gian kh\u1edfi h\u00e0nh, \u0111i\u1ec3m \u0111i, \u0111i\u1ec3m \u0111\u1ebfn, s\u1ed1 l\u01b0\u1ee3ng kh\u00e1ch). Khi&hellip; Continue reading Ch\u00ednh S\u00e1ch \u0110\u1eb7t &#8211; Hu\u1ef7 Xe\" \/>\n<meta property=\"og:url\" content=\"https:\/\/nhaxeholoc.com\/en\/dat-xe-theo-yeu-cau\/chinh-sach-dat-huy-xe\/\" \/>\n<meta property=\"og:site_name\" content=\"Ho Loc Bus Company\" \/>\n<meta property=\"article:modified_time\" content=\"2025-09-10T16:14:36+00:00\" \/>\n<meta name=\"twitter:card\" content=\"summary_large_image\" \/>\n<meta name=\"twitter:label1\" content=\"Est. reading time\" \/>\n\t<meta name=\"twitter:data1\" content=\"2 minutes\" \/>\n<script type=\"application\/ld+json\" class=\"yoast-schema-graph\">{\"@context\":\"https:\/\/schema.org\",\"@graph\":[{\"@type\":\"WebPage\",\"@id\":\"https:\/\/nhaxeholoc.com\/en\/dat-xe-theo-yeu-cau\/chinh-sach-dat-huy-xe\/\",\"url\":\"https:\/\/nhaxeholoc.com\/en\/dat-xe-theo-yeu-cau\/chinh-sach-dat-huy-xe\/\",\"name\":\"Ch\u00ednh S\u00e1ch \u0110\u1eb7t - Hu\u1ef7 Xe - Ho Loc Bus Company\",\"isPartOf\":{\"@id\":\"https:\/\/nhaxeholoc.com\/en\/#website\"},\"datePublished\":\"2025-09-10T16:13:23+00:00\",\"dateModified\":\"2025-09-10T16:14:36+00:00\",\"breadcrumb\":{\"@id\":\"https:\/\/nhaxeholoc.com\/en\/dat-xe-theo-yeu-cau\/chinh-sach-dat-huy-xe\/#breadcrumb\"},\"inLanguage\":\"en-US\",\"potentialAction\":[{\"@type\":\"ReadAction\",\"target\":[\"https:\/\/nhaxeholoc.com\/en\/dat-xe-theo-yeu-cau\/chinh-sach-dat-huy-xe\/\"]}]},{\"@type\":\"BreadcrumbList\",\"@id\":\"https:\/\/nhaxeholoc.com\/en\/dat-xe-theo-yeu-cau\/chinh-sach-dat-huy-xe\/#breadcrumb\",\"itemListElement\":[{\"@type\":\"ListItem\",\"position\":1,\"name\":\"Home\",\"item\":\"https:\/\/nhaxeholoc.com\/en\/\"},{\"@type\":\"ListItem\",\"position\":2,\"name\":\"\u0110\u1eb7t xe theo y\u00eau c\u1ea7u\",\"item\":\"https:\/\/nhaxeholoc.com\/en\/dat-xe-theo-yeu-cau\/\"},{\"@type\":\"ListItem\",\"position\":3,\"name\":\"Ch\u00ednh S\u00e1ch \u0110\u1eb7t &#8211; Hu\u1ef7 Xe\"}]},{\"@type\":\"WebSite\",\"@id\":\"https:\/\/nhaxeholoc.com\/en\/#website\",\"url\":\"https:\/\/nhaxeholoc.com\/en\/\",\"name\":\"Ho Loc Bus Company\",\"description\":\"Ho Loc Transport &amp; Tourism Co., Ltd. Specializing in tourist car rentals from 4 to 45 seats, offering safe, comfortable, and well-equipped vehicles with a professional driver team and dedicated, prompt service.\",\"publisher\":{\"@id\":\"https:\/\/nhaxeholoc.com\/en\/#organization\"},\"potentialAction\":[{\"@type\":\"SearchAction\",\"target\":{\"@type\":\"EntryPoint\",\"urlTemplate\":\"https:\/\/nhaxeholoc.com\/en\/?s={search_term_string}\"},\"query-input\":{\"@type\":\"PropertyValueSpecification\",\"valueRequired\":true,\"valueName\":\"search_term_string\"}}],\"inLanguage\":\"en-US\"},{\"@type\":\"Organization\",\"@id\":\"https:\/\/nhaxeholoc.com\/en\/#organization\",\"name\":\"Ho Loc Bus Company\",\"url\":\"https:\/\/nhaxeholoc.com\/en\/\",\"logo\":{\"@type\":\"ImageObject\",\"inLanguage\":\"en-US\",\"@id\":\"https:\/\/nhaxeholoc.com\/en\/#\/schema\/logo\/image\/\",\"url\":\"https:\/\/nhaxeholoc.com\/en\/wp-content\/uploads\/2025\/09\/cropped-Reviewer-1.jpg\",\"contentUrl\":\"https:\/\/nhaxeholoc.com\/en\/wp-content\/uploads\/2025\/09\/cropped-Reviewer-1.jpg\",\"width\":120,\"height\":78,\"caption\":\"Ho Loc Bus Company\"},\"image\":{\"@id\":\"https:\/\/nhaxeholoc.com\/en\/#\/schema\/logo\/image\/\"}}]}<\/script>\n<!-- \/ Yoast SEO plugin. -->","yoast_head_json":{"title":"Ch\u00ednh S\u00e1ch \u0110\u1eb7t - Hu\u1ef7 Xe - Ho Loc Bus Company","robots":{"index":"index","follow":"follow","max-snippet":"max-snippet:-1","max-image-preview":"max-image-preview:large","max-video-preview":"max-video-preview:-1"},"canonical":"https:\/\/nhaxeholoc.com\/en\/dat-xe-theo-yeu-cau\/chinh-sach-dat-huy-xe\/","og_locale":"en_US","og_type":"article","og_title":"Ch\u00ednh S\u00e1ch \u0110\u1eb7t - Hu\u1ef7 Xe - Ho Loc Bus Company","og_description":"Quy \u0111\u1ecbnh \u0111\u1eb7t xe \u0110\u1ec3 \u0111\u1ea3m b\u1ea3o qu\u00e1 tr\u00ecnh ph\u1ee5c v\u1ee5 \u0111\u01b0\u1ee3c thu\u1eadn ti\u1ec7n v\u00e0 ch\u00ednh x\u00e1c, Qu\u00fd kh\u00e1ch vui l\u00f2ng cung c\u1ea5p \u0111\u1ea7y \u0111\u1ee7 c\u00e1c th\u00f4ng tin c\u1ea7n thi\u1ebft bao g\u1ed3m: h\u1ecd t\u00ean, s\u1ed1 \u0111i\u1ec7n tho\u1ea1i li\u00ean h\u1ec7, l\u1ecbch tr\u00ecnh chi ti\u1ebft (th\u1eddi gian kh\u1edfi h\u00e0nh, \u0111i\u1ec3m \u0111i, \u0111i\u1ec3m \u0111\u1ebfn, s\u1ed1 l\u01b0\u1ee3ng kh\u00e1ch). Khi&hellip; Continue reading Ch\u00ednh S\u00e1ch \u0110\u1eb7t &#8211; Hu\u1ef7 Xe","og_url":"https:\/\/nhaxeholoc.com\/en\/dat-xe-theo-yeu-cau\/chinh-sach-dat-huy-xe\/","og_site_name":"Ho Loc Bus Company","article_modified_time":"2025-09-10T16:14:36+00:00","twitter_card":"summary_large_image","twitter_misc":{"Est. reading time":"2 minutes"},"schema":{"@context":"https:\/\/schema.org","@graph":[{"@type":"WebPage","@id":"https:\/\/nhaxeholoc.com\/en\/dat-xe-theo-yeu-cau\/chinh-sach-dat-huy-xe\/","url":"https:\/\/nhaxeholoc.com\/en\/dat-xe-theo-yeu-cau\/chinh-sach-dat-huy-xe\/","name":"Ch\u00ednh S\u00e1ch \u0110\u1eb7t - Hu\u1ef7 Xe - Ho Loc Bus Company","isPartOf":{"@id":"https:\/\/nhaxeholoc.com\/en\/#website"},"datePublished":"2025-09-10T16:13:23+00:00","dateModified":"2025-09-10T16:14:36+00:00","breadcrumb":{"@id":"https:\/\/nhaxeholoc.com\/en\/dat-xe-theo-yeu-cau\/chinh-sach-dat-huy-xe\/#breadcrumb"},"inLanguage":"en-US","potentialAction":[{"@type":"ReadAction","target":["https:\/\/nhaxeholoc.com\/en\/dat-xe-theo-yeu-cau\/chinh-sach-dat-huy-xe\/"]}]},{"@type":"BreadcrumbList","@id":"https:\/\/nhaxeholoc.com\/en\/dat-xe-theo-yeu-cau\/chinh-sach-dat-huy-xe\/#breadcrumb","itemListElement":[{"@type":"ListItem","position":1,"name":"Home","item":"https:\/\/nhaxeholoc.com\/en\/"},{"@type":"ListItem","position":2,"name":"\u0110\u1eb7t xe theo y\u00eau c\u1ea7u","item":"https:\/\/nhaxeholoc.com\/en\/dat-xe-theo-yeu-cau\/"},{"@type":"ListItem","position":3,"name":"Ch\u00ednh S\u00e1ch \u0110\u1eb7t &#8211; Hu\u1ef7 Xe"}]},{"@type":"WebSite","@id":"https:\/\/nhaxeholoc.com\/en\/#website","url":"https:\/\/nhaxeholoc.com\/en\/","name":"Ho Loc Bus Company","description":"Ho Loc Transport &amp; Tourism Co., Ltd. Specializing in tourist car rentals from 4 to 45 seats, offering safe, comfortable, and well-equipped vehicles with a professional driver team and dedicated, prompt service.","publisher":{"@id":"https:\/\/nhaxeholoc.com\/en\/#organization"},"potentialAction":[{"@type":"SearchAction","target":{"@type":"EntryPoint","urlTemplate":"https:\/\/nhaxeholoc.com\/en\/?s={search_term_string}"},"query-input":{"@type":"PropertyValueSpecification","valueRequired":true,"valueName":"search_term_string"}}],"inLanguage":"en-US"},{"@type":"Organization","@id":"https:\/\/nhaxeholoc.com\/en\/#organization","name":"Ho Loc Bus Company","url":"https:\/\/nhaxeholoc.com\/en\/","logo":{"@type":"ImageObject","inLanguage":"en-US","@id":"https:\/\/nhaxeholoc.com\/en\/#\/schema\/logo\/image\/","url":"https:\/\/nhaxeholoc.com\/en\/wp-content\/uploads\/2025\/09\/cropped-Reviewer-1.jpg","contentUrl":"https:\/\/nhaxeholoc.com\/en\/wp-content\/uploads\/2025\/09\/cropped-Reviewer-1.jpg","width":120,"height":78,"caption":"Ho Loc Bus Company"},"image":{"@id":"https:\/\/nhaxeholoc.com\/en\/#\/schema\/logo\/image\/"}}]}},"_links":{"self":[{"href":"https:\/\/nhaxeholoc.com\/en\/wp-json\/wp\/v2\/pages\/75","targetHints":{"allow":["GET"]}}],"collection":[{"href":"https:\/\/nhaxeholoc.com\/en\/wp-json\/wp\/v2\/pages"}],"about":[{"href":"https:\/\/nhaxeholoc.com\/en\/wp-json\/wp\/v2\/types\/page"}],"author":[{"embeddable":true,"href":"https:\/\/nhaxeholoc.com\/en\/wp-json\/wp\/v2\/users\/1"}],"replies":[{"embeddable":true,"href":"https:\/\/nhaxeholoc.com\/en\/wp-json\/wp\/v2\/comments?post=75"}],"version-history":[{"count":1,"href":"https:\/\/nhaxeholoc.com\/en\/wp-json\/wp\/v2\/pages\/75\/revisions"}],"predecessor-version":[{"id":76,"href":"https:\/\/nhaxeholoc.com\/en\/wp-json\/wp\/v2\/pages\/75\/revisions\/76"}],"up":[{"embeddable":true,"href":"https:\/\/nhaxeholoc.com\/en\/wp-json\/wp\/v2\/pages\/36"}],"wp:attachment":[{"href":"https:\/\/nhaxeholoc.com\/en\/wp-json\/wp\/v2\/media?parent=75"}],"curies":[{"name":"wp","href":"https:\/\/api.w.org\/{rel}","templated":true}]}}